{"id":1759,"date":"2017-07-25T22:39:09","date_gmt":"2017-07-25T20:39:09","guid":{"rendered":"http:\/\/localhost:8888\/idev\/?page_id=1759"},"modified":"2026-02-16T20:36:42","modified_gmt":"2026-02-16T20:36:42","slug":"david-praznik-cv-curriculum-vitae-en-2","status":"publish","type":"page","link":"https:\/\/davidpraznik.com\/en\/david-praznik-cv\/","title":{"rendered":"David Praznik - CV"},"content":{"rendered":"<div data-elementor-type=\"wp-page\" data-elementor-id=\"1759\" class=\"elementor elementor-1759\" data-elementor-post-type=\"page\">\n\t\t\t\t<div data-particle_enable=\"false\" data-particle-mobile-disabled=\"false\" class=\"elementor-element elementor-element-8b3e24c e-flex e-con-boxed e-con e-parent\" data-id=\"8b3e24c\" data-element_type=\"container\" data-e-type=\"container\">\n\t\t\t\t\t<div class=\"e-con-inner\">\n\t\t<div data-particle_enable=\"false\" data-particle-mobile-disabled=\"false\" class=\"elementor-element elementor-element-28e0827 e-con-full e-flex e-con e-child\" data-id=\"28e0827\" data-element_type=\"container\" data-e-type=\"container\">\n\t\t\t\t<div class=\"elementor-element elementor-element-04b4c6c elementor-widget elementor-widget-heading\" data-id=\"04b4c6c\" data-element_type=\"widget\" data-e-type=\"widget\" data-widget_type=\"heading.default\">\n\t\t\t\t\t<h1 class=\"elementor-heading-title elementor-size-default\">David Praznik - CV<\/h1>\t\t\t\t<\/div>\n\t\t\t\t<\/div>\n\t\t\t\t\t<\/div>\n\t\t\t\t<\/div>\n\t\t<div data-particle_enable=\"false\" data-particle-mobile-disabled=\"false\" class=\"elementor-element elementor-element-563fde5 e-flex e-con-boxed e-con e-parent\" data-id=\"563fde5\" data-element_type=\"container\" data-e-type=\"container\">\n\t\t\t\t\t<div class=\"e-con-inner\">\n\t\t<div data-particle_enable=\"false\" data-particle-mobile-disabled=\"false\" class=\"elementor-element elementor-element-233b29a e-con-full e-flex e-con e-child\" data-id=\"233b29a\" data-element_type=\"container\" data-e-type=\"container\">\n\t\t\t\t<div class=\"elementor-element elementor-element-2558cf8 elementor-widget elementor-widget-text-editor\" data-id=\"2558cf8\" data-element_type=\"widget\" data-e-type=\"widget\" data-widget_type=\"text-editor.default\">\n\t\t\t\t\t\t\t\t\t<p><strong>Senior Product Designer, Senior UX\/UI Designer<\/strong><br \/>Ljubljana, Slovenia - david@davidpraznik.com - davidpraznik.com - <a href=\"https:\/\/www.linkedin.com\/in\/davidpraznik\" target=\"_blank\" rel=\"noopener\">linkedin.com\/in\/davidpraznik<\/a><\/p>\t\t\t\t\t\t\t\t<\/div>\n\t\t\t\t<\/div>\n\t\t\t\t\t<\/div>\n\t\t\t\t<\/div>\n\t\t<div data-particle_enable=\"false\" data-particle-mobile-disabled=\"false\" class=\"elementor-element elementor-element-4bf280e e-flex e-con-boxed e-con e-parent\" data-id=\"4bf280e\" data-element_type=\"container\" data-e-type=\"container\">\n\t\t\t\t\t<div class=\"e-con-inner\">\n\t\t<div data-particle_enable=\"false\" data-particle-mobile-disabled=\"false\" class=\"elementor-element elementor-element-2cf2c61 e-con-full e-flex e-con e-child\" data-id=\"2cf2c61\" data-element_type=\"container\" data-e-type=\"container\">\n\t\t\t\t<div class=\"elementor-element elementor-element-6eaa5ba elementor-widget elementor-widget-text-editor\" data-id=\"6eaa5ba\" data-element_type=\"widget\" data-e-type=\"widget\" data-widget_type=\"text-editor.default\">\n\t\t\t\t\t\t\t\t\t<p><strong>With over 25 years<\/strong> in design, I have developed a deep commitment to creating solutions that are <strong>simple and natural to use<\/strong>. I have built my career in different fields, such as <strong>medicine, science and finance<\/strong>, where I learned how to <b>turn complex tools into user-friendly experiences<\/b>. I value working with people and effectively bringing individuals together in coordinated and productive teams. This ensures that the solutions we create are not only powerful, but also deliver clear <strong>value for the company and pleasure for the end user<\/strong>.<\/p>\t\t\t\t\t\t\t\t<\/div>\n\t\t\t\t<\/div>\n\t\t\t\t\t<\/div>\n\t\t\t\t<\/div>\n\t\t<div data-particle_enable=\"false\" data-particle-mobile-disabled=\"false\" class=\"elementor-element elementor-element-0feb6cf e-flex e-con-boxed e-con e-parent\" data-id=\"0feb6cf\" data-element_type=\"container\" data-e-type=\"container\">\n\t\t\t\t\t<div class=\"e-con-inner\">\n\t\t<div data-particle_enable=\"false\" data-particle-mobile-disabled=\"false\" class=\"elementor-element elementor-element-a730cc0 e-con-full e-flex e-con e-child\" data-id=\"a730cc0\" data-element_type=\"container\" data-e-type=\"container\">\n\t\t\t\t<div class=\"elementor-element elementor-element-884286a elementor-widget elementor-widget-heading\" data-id=\"884286a\" data-element_type=\"widget\" data-e-type=\"widget\" data-widget_type=\"heading.default\">\n\t\t\t\t\t<h2 class=\"elementor-heading-title elementor-size-default\">Work experience<\/h2>\t\t\t\t<\/div>\n\t\t\t\t<\/div>\n\t\t\t\t\t<\/div>\n\t\t\t\t<\/div>\n\t\t<div data-particle_enable=\"false\" data-particle-mobile-disabled=\"false\" class=\"elementor-element elementor-element-98a8cba e-flex e-con-boxed e-con e-parent\" data-id=\"98a8cba\" data-element_type=\"container\" data-e-type=\"container\">\n\t\t\t\t\t<div class=\"e-con-inner\">\n\t\t<div data-particle_enable=\"false\" data-particle-mobile-disabled=\"false\" class=\"elementor-element elementor-element-771e14a e-con-full e-flex e-con e-child\" data-id=\"771e14a\" data-element_type=\"container\" data-e-type=\"container\">\n\t\t\t\t<div class=\"elementor-element elementor-element-f85f69a elementor-widget elementor-widget-text-editor\" data-id=\"f85f69a\" data-element_type=\"widget\" data-e-type=\"widget\" data-widget_type=\"text-editor.default\">\n\t\t\t\t\t\t\t\t\t<h3>2011 \u2013 Present<\/h3><h4>Ideator, David Praznik s.p.\u00a0<\/h4><p><strong>UX\/UI Design, Product Design, Branding, Team Leading, Consultancy<\/strong><\/p><p>Collaborated with a diverse range of clients, including: FidoTrack (Veterinary patient monitoring system), CVS Mobile, University of Ljubljana, Veterinary Chamber of Slovenia, Center Gibanja \u2013 Fitness Studio, EIUS \u2013 Vep.si, Thule, Mtb.si, Itera d.o.o., Thorax d.o.o., Kuhnca d.o.o., KF Finance, MoneyRebel, Alliance ASE, LUI \u2013 Ljubljana University Incubator d.o.o., and others.<\/p><h3>\u00a0<\/h3><h3>2025 - 2025<\/h3><h4>Razum d.o.o. (full-time, onsite)<\/h4><p><strong>Senior UX\/UI Designer.<br \/><\/strong>Clients: NLB d.d., NLB Car&amp;Go d.o.o.<\/p><p class=\"translation-block\">For the <strong>NLB Trading<\/strong> mobile app, I prepared the UX, wireframes, contributed to the strategy, and designed a user interface overhaul. In the strategic work, I collaborated closely with the client and other stakeholders, aligning solutions with regulatory requirements and future functionalities. Additionally, I contributed to several other projects, such as <strong>Klik NLB<\/strong> and <strong>Klik NLB SME<\/strong>, focusing on improving digital experiences, updating visual consistency, and enhancing the existing NLB design system.<\/p><p class=\"translation-block\">Complete overhaul of <strong>DoberAvto 2025<\/strong> (NLB Car&amp;Go d.o.o.), where I led UX-focused meetings with the client, aligned user flows with client requirements and product features, designed visual UI guidelines, contributed to the design system in collaboration with developers, and led the UX\/UI work during interface implementation.<\/p><h3>\u00a0<\/h3><h3>2022 - 2024<\/h3><h4>SciNote d.o.o. (full-time, onsite)<\/h4><p><strong>UX\/UI Team Lead, Product Designer, Mentor<\/strong><\/p><p class=\"translation-block\">Led a team of UX\/UI designers and contributed to the development of a cloud-based Electronic Lab Notebook (ELN) software. Collaborated on UX\/UI strategies to enhance tools for lab inventory, compliance, and team management. SciNote is used by organizations such as the FDA, USDA, and scientists in over 100 countries. Read the case study <strong><a href=\"https:\/\/davidpraznik.com\/en\/portfolio\/scinote-ux-ui\/\" target=\"_self\">here<\/a><\/strong>.<\/p><h3>\u00a0<\/h3><h3>2009 - 2014<\/h3><h4>Apple users of Slovenia Jabolko.org<\/h4><p><strong>Founder and Editor-in-Chief<\/strong><\/p><p>Founder and Editor-in-Chief. Author of numerous articles on Apple iOS and macOS.<\/p><h3>\u00a0<\/h3><h3>2010 - 2010<\/h3><h4>Eksit d.o.o. \u2013 Ad Agency (full-time, onsite)<\/h4><p><strong>Graphic Designer, UX\/UI Designer, Art Director<\/strong><\/p><p>Designed and managed creative campaigns for clients such as Eksit, XYZ, Sportina, TWOWAY, and <a href=\"https:\/\/davidpraznik.com\/en\/portfolio\/studio-varia-logo\/\">Varia Salon<\/a>.<\/p><h3>\u00a0<\/h3><h3>2008 - 2010<\/h3><h4>Endemit d.o.o. \u2013 Ad Agency (full-time, onsite)<\/h4><p><strong>Graphic and Product Designer, UX\/UI<\/strong><\/p><p>Worked on branding and product design for clients like Vzajemna, Ilirija, The North Face, and Rabim.info.<\/p><h3>\u00a0<\/h3><h3>2007 - 2008<\/h3><h4>Gooie d.o.o. \u2013 Ad Agency (full-time, onsite)<\/h4><p><strong>Art Director, UX\/UI Designer<\/strong><\/p><p>Designed solutions for high-profile clients,: Ice Solutions, Delo, Marg (<strong>first digital health care platform \u201ceKartoteka\u201d<\/strong>), Avtotehna, Ministry of Public Administration.<\/p><h3>\u00a0<\/h3><h3>2007 - 2007<\/h3><h4>Infiniti MRM \u2013 Ad Agency (full-time, onsite)<\/h4><p><strong>Graphic and UI Designer<\/strong><\/p><p>Created corporate identities, marketing campaigns, and websites for clients such as Cisco, Renault Nissan, and Autodesk.<\/p><h3>\u00a0<\/h3><h3>2003 - 2006<\/h3><h4>Silveco d.o.o. (Studio Orca) (full-time, onsite)<\/h4><p><strong>Graphic and DTP Designer<\/strong><\/p><p>Specialized in designing user manuals, brochures, and posters for major automotive clients, including Volvo, Honda, Renault Nissan and Mercedes-Benz.<\/p><h3>\u00a0<\/h3><h3>2001 - 2003<\/h3><h4>Pro Anima d.o.o., KLIK Magazine (full-time, onsite)<\/h4><p><strong>Webpage Editor, Graphic Designer, UI Designer, DTP Specialist<\/strong><\/p><p>Managed editorial content for the web and print editions, designed layouts, and authored articles on multimedia and photography, UI design for multimedia CD.<\/p><h4>\u00a0<\/h4><h4>IAM (Institute and Academy of Multimedia)<\/h4><p><strong>Lecturer in workshops for Adobe Indesign, Adobe Illustrator and Adobe Photoshop.<\/strong><\/p><h3>\u00a0<\/h3><h3>1997 - 2001<\/h3><h4>Independent Work<\/h4><p>Web Design, Print Design, Screen Printing: undertook numerous freelance projects for web and print media.<\/p><h4>\u00a0<\/h4><h3>Professional Expertise<\/h3><ul><li class=\"translation-block\"><strong>Systemic Design and Hardware Integration: <\/strong> Designing end-to-end experiences that bridge digital interfaces with physical hardware.<\/li><li class=\"translation-block\"><strong>Data-Driven Product Strategy:<\/strong> Translating complex datasets into intuitive mental models through evidence-based design.<\/li><li class=\"translation-block\"><strong>UX for Safety-Critical Environments: <\/strong> Experience in high-stakes fields (medical, financial, scientific) where reliability is essential.<\/li><li class=\"translation-block\"><strong>Scalable Design Systems:<\/strong> Building robust systems in collaboration with engineers to optimize workflows and technical feasibility.<\/li><\/ul><h4>\u00a0<\/h4><h3>Skills and Tools<\/h3><ul><li class=\"translation-block\"><strong>Design and Tech:<\/strong> UX\/UI Design, Product Branding, Prototyping, Design Ops.<\/li><li class=\"translation-block\"><strong>Media Expertise: <\/strong> Web, Mobile, Print, TV, and Audio.<\/li><li class=\"translation-block\"><strong>Languages:<\/strong> Slovenian, English, Croatian, Serbian.<\/li><li class=\"translation-block\"><strong>Strategic Project Leadership:<\/strong> Ability to lead and work on complex projects in agile teams, balancing technical limits with business goals.<\/li><\/ul><h4>\u00a0<\/h4><h3>Education and Certifications<\/h3><ul><li class=\"translation-block\"><strong>Multimedia Engineer<\/strong> (Institute and Academy for Multimedia).<\/li><li class=\"translation-block\"><strong>Apple Certified Support Professional<\/strong> (Apple Inc).<\/li><li class=\"translation-block\"><strong>Leadership for First-Time Leaders<\/strong> (CEED Slovenia).<\/li><\/ul><h4>\u00a0<\/h4><h3>Personal Interests<\/h3><p>Father of two, trail runner (canicross with a border collie), enduro mountain biker, snowboarder, yoga, music creator.<\/p>\t\t\t\t\t\t\t\t<\/div>\n\t\t\t\t<\/div>\n\t\t\t\t\t<\/div>\n\t\t\t\t<\/div>\n\t\t\t\t<section data-particle_enable=\"false\" data-particle-mobile-disabled=\"false\" class=\"elementor-section elementor-top-section elementor-element elementor-element-b477958 elementor-section-boxed elementor-section-height-default elementor-section-height-default\" data-id=\"b477958\" data-element_type=\"section\" data-e-type=\"section\">\n\t\t\t\t\t\t\t<div class=\"elementor-background-overlay\"><\/div>\n\t\t\t\t\t\t\t<div class=\"elementor-container elementor-column-gap-default\">\n\t\t\t\t\t<div class=\"elementor-column elementor-col-100 elementor-top-column elementor-element elementor-element-2f3381a\" data-id=\"2f3381a\" data-element_type=\"column\" data-e-type=\"column\">\n\t\t\t<div class=\"elementor-widget-wrap elementor-element-populated\">\n\t\t\t\t\t\t<div class=\"elementor-element elementor-element-c4f9c74 elementor-widget elementor-widget-eael-creative-button\" data-id=\"c4f9c74\" data-element_type=\"widget\" data-e-type=\"widget\" data-widget_type=\"eael-creative-button.default\">\n\t\t\t\t\t        <div class=\"eael-creative-button-wrapper\">\n\n            <a class=\"eael-creative-button eael-creative-button--default eael-cb-icon-position-\" href=\"https:\/\/www.davidpraznik.com\/dl\/david-praznik-cv-2026.pdf\" data-text=\"\">\n            \t    \n                <div class=\"creative-button-inner\">\n\n                    \n                    <span class=\"cretive-button-text\">Download CV (PDF)<\/span>\n\n                                    <\/div>\n\t                        <\/a>\n        <\/div>\n        \t\t\t\t<\/div>\n\t\t\t\t<div class=\"elementor-element elementor-element-7900ef0 elementor-tablet-align-justify elementor-mobile-align-justify elementor-widget elementor-widget-button\" data-id=\"7900ef0\" data-element_type=\"widget\" data-e-type=\"widget\" data-widget_type=\"button.default\">\n\t\t\t\t\t\t\t\t\t\t<a class=\"elementor-button elementor-button-link elementor-size-xl\" href=\"\/en\/contact\/\" id=\"za\u010dnimo projekt\">\n\t\t\t\t\t\t<span class=\"elementor-button-content-wrapper\">\n\t\t\t\t\t\t\t\t\t<span class=\"elementor-button-text\">CONTACT ME<\/span>\n\t\t\t\t\t<\/span>\n\t\t\t\t\t<\/a>\n\t\t\t\t\t\t\t\t<\/div>\n\t\t\t\t\t<\/div>\n\t\t<\/div>\n\t\t\t\t\t<\/div>\n\t\t<\/section>\n\t\t\t\t<\/div>","protected":false},"excerpt":{"rendered":"<p>David Praznik &#8211; CV Senior Product Designer, Senior UX\/UI DesignerLjubljana, Slovenija \u2022 david@davidpraznik.com \u2022 davidpraznik.com \u2022 linkedin.com\/in\/davidpraznik Z ve\u010d kot 25 leti izku\u0161enj v oblikovanju sem razvil globoko predanost ustvarjanju re\u0161itev, ki so preproste in naravne za uporabo.\u00a0Svojo kariero sem gradil na razli\u010dnih podro\u010djih, kot so medicina, znanost in finance, kjer sem se nau\u010dil, kako [&hellip;]<\/p>\n","protected":false},"author":1,"featured_media":0,"parent":0,"menu_order":0,"comment_status":"closed","ping_status":"closed","template":"elementor_header_footer","meta":{"inline_featured_image":false,"footnotes":""},"class_list":["post-1759","page","type-page","status-publish","hentry"],"_links":{"self":[{"href":"https:\/\/davidpraznik.com\/en\/wp-json\/wp\/v2\/pages\/1759","targetHints":{"allow":["GET"]}}],"collection":[{"href":"https:\/\/davidpraznik.com\/en\/wp-json\/wp\/v2\/pages"}],"about":[{"href":"https:\/\/davidpraznik.com\/en\/wp-json\/wp\/v2\/types\/page"}],"author":[{"embeddable":true,"href":"https:\/\/davidpraznik.com\/en\/wp-json\/wp\/v2\/users\/1"}],"replies":[{"embeddable":true,"href":"https:\/\/davidpraznik.com\/en\/wp-json\/wp\/v2\/comments?post=1759"}],"version-history":[{"count":84,"href":"https:\/\/davidpraznik.com\/en\/wp-json\/wp\/v2\/pages\/1759\/revisions"}],"predecessor-version":[{"id":35589,"href":"https:\/\/davidpraznik.com\/en\/wp-json\/wp\/v2\/pages\/1759\/revisions\/35589"}],"wp:attachment":[{"href":"https:\/\/davidpraznik.com\/en\/wp-json\/wp\/v2\/media?parent=1759"}],"curies":[{"name":"wp","href":"https:\/\/api.w.org\/{rel}","templated":true}]}}