{"id":29999,"date":"2020-02-10T12:45:19","date_gmt":"2020-02-10T11:45:19","guid":{"rendered":"https:\/\/www.ideator.si\/?page_id=29999"},"modified":"2026-02-08T20:38:39","modified_gmt":"2026-02-08T20:38:39","slug":"about-me","status":"publish","type":"page","link":"https:\/\/davidpraznik.com\/en\/o-meni\/","title":{"rendered":"About me"},"content":{"rendered":"<div data-elementor-type=\"wp-page\" data-elementor-id=\"29999\" class=\"elementor elementor-29999\" data-elementor-post-type=\"page\">\n\t\t\t\t<div data-particle_enable=\"false\" data-particle-mobile-disabled=\"false\" class=\"elementor-element elementor-element-7833f91 e-flex e-con-boxed e-con e-parent\" data-id=\"7833f91\" data-element_type=\"container\" data-e-type=\"container\">\n\t\t\t\t\t<div class=\"e-con-inner\">\n\t\t<div data-particle_enable=\"false\" data-particle-mobile-disabled=\"false\" class=\"elementor-element elementor-element-4933cee e-con-full e-flex e-con e-child\" data-id=\"4933cee\" data-element_type=\"container\" data-e-type=\"container\">\n\t\t\t\t<div class=\"elementor-element elementor-element-68550bf elementor-widget elementor-widget-heading\" data-id=\"68550bf\" data-element_type=\"widget\" data-e-type=\"widget\" data-widget_type=\"heading.default\">\n\t\t\t\t\t<h1 class=\"elementor-heading-title elementor-size-default\">About me<\/h1>\t\t\t\t<\/div>\n\t\t\t\t<\/div>\n\t\t\t\t\t<\/div>\n\t\t\t\t<\/div>\n\t\t<div data-particle_enable=\"false\" data-particle-mobile-disabled=\"false\" class=\"elementor-element elementor-element-92fab96 e-flex e-con-boxed e-con e-parent\" data-id=\"92fab96\" data-element_type=\"container\" data-e-type=\"container\">\n\t\t\t\t\t<div class=\"e-con-inner\">\n\t\t\t\t<div class=\"elementor-element elementor-element-a22ad4c elementor-widget elementor-widget-text-editor\" data-id=\"a22ad4c\" data-element_type=\"widget\" data-e-type=\"widget\" data-widget_type=\"text-editor.default\">\n\t\t\t\t\t\t\t\t\t<p>I'm David Praznik, <b data-path-to-node=\"11,0\" data-index-in-node=\"20\">Senior UX\/UI and Product Designer<\/b> with a multidisciplinary background and more than 25 years of experience. I have built my career in the complex fields of medicine, science and finance, where I have learned how to turn complex tools into <b data-path-to-node=\"3,0\" data-index-in-node=\"209\">friendly user experience<\/b>. I believe in working closely with clients and within teams to deliver solutions that deliver <b data-path-to-node=\"3,0\" data-index-in-node=\"328\">long-term value for the company<\/b>.<\/p>\t\t\t\t\t\t\t\t<\/div>\n\t\t\t\t\t<\/div>\n\t\t\t\t<\/div>\n\t\t<div data-particle_enable=\"false\" data-particle-mobile-disabled=\"false\" class=\"elementor-element elementor-element-6a59295 e-flex e-con-boxed e-con e-parent\" data-id=\"6a59295\" data-element_type=\"container\" data-e-type=\"container\">\n\t\t\t\t\t<div class=\"e-con-inner\">\n\t\t\t\t<div class=\"elementor-element elementor-element-2c4cc92 elementor-widget elementor-widget-text-editor\" data-id=\"2c4cc92\" data-element_type=\"widget\" data-e-type=\"widget\" data-widget_type=\"text-editor.default\">\n\t\t\t\t\t\t\t\t\t<h3>Why work with me?<\/h3><ul><li><p data-path-to-node=\"7,0,0\" class=\"translation-block\"><b data-path-to-node=\"3,0\" data-index-in-node=\"0\">Bridging strategy and execution.<\/b> I transform business goals into a clear product roadmap.<\/p><\/li><li><p data-path-to-node=\"7,1,0\" class=\"translation-block\"><b data-path-to-node=\"3,0\" data-index-in-node=\"0\">Working with transparency and dedication.<\/b> I always follow a proven approval protocol with the client, from the initial idea to the final execution.<\/p><\/li><li><p data-path-to-node=\"7,2,0\" class=\"translation-block\"><b data-path-to-node=\"3,0\" data-index-in-node=\"0\">Data-driven decision making.<\/b> I use facts to reduce the risk of errors and accelerate growth.<\/p><\/li><li><p data-path-to-node=\"7,3,0\" class=\"translation-block\"><b data-path-to-node=\"3,0\" data-index-in-node=\"0\">I am a holistic problem solver.<\/b> I bring a <a href=\"https:\/\/davidpraznik.com\/en\/david-praznik-cv-curriculum-vitae-en-2\/\" target=\"_self\">breadth of experience<\/a> that allows me to understand complex challenges.<\/p><\/li><li><p data-path-to-node=\"7,4,0\" class=\"translation-block\"><b data-path-to-node=\"3,0\" data-index-in-node=\"0\">I create effective UX\/UI.<\/b> I actively ensure that the final solution is consistent, user-friendly, and of high quality.<\/p><\/li><li><p data-path-to-node=\"7,5,0\" class=\"translation-block\"><b data-path-to-node=\"3,0\" data-index-in-node=\"0\">I am focused on the final result.<\/b> I only take on as much work as I can fully commit to, because I care about the success of your business.<\/p><\/li><\/ul>\t\t\t\t\t\t\t\t<\/div>\n\t\t\t\t\t<\/div>\n\t\t\t\t<\/div>\n\t\t<div data-particle_enable=\"false\" data-particle-mobile-disabled=\"false\" class=\"elementor-element elementor-element-ed96152 e-flex e-con-boxed e-con e-parent\" data-id=\"ed96152\" data-element_type=\"container\" data-e-type=\"container\">\n\t\t\t\t\t<div class=\"e-con-inner\">\n\t\t\t\t<div class=\"elementor-element elementor-element-14e2e77 elementor-widget elementor-widget-text-editor\" data-id=\"14e2e77\" data-element_type=\"widget\" data-e-type=\"widget\" data-widget_type=\"text-editor.default\">\n\t\t\t\t\t\t\t\t\t<h3>Experience and collaborations with brands and companies<\/h3><p class=\"translation-block\">NLB d.d. \/ NLB Car&amp;Go d.o.o. \/ University of Ljubljana \u2013 Veterinary Faculty \/ Silgan \/ NIL group \/ Thule \/ SciNote \/ Veterinary Chamber \/ Vzajemna Health Insurance \/ CVS Mobile \/ KF Finance \/ eIUS \u2013 Vep.si \/ Ilirija \/ Avtotehna \/ Ministry of Public Administration \/ Delo \/ Marg \/ Regeneracija \/ Jabolko.org \/ Cisco \/ Renault Nissan Slovenia and Croatia \/ Mercedes-Benz \/ Honda \/ Mitsubishi \/ Volvo Slovenia \/ IteraSpace \/ IAM (Institute and Academy of Multimedia) \u2026 <a href=\"https:\/\/davidpraznik.com\/en\/david-praznik-cv-curriculum-vitae-en-2\/\" target=\"_self\">more on CV<\/a>.<\/p>\t\t\t\t\t\t\t\t<\/div>\n\t\t\t\t\t<\/div>\n\t\t\t\t<\/div>\n\t\t<div data-particle_enable=\"false\" data-particle-mobile-disabled=\"false\" class=\"elementor-element elementor-element-b50c108 e-flex e-con-boxed e-con e-parent\" data-id=\"b50c108\" data-element_type=\"container\" data-e-type=\"container\">\n\t\t\t\t\t<div class=\"e-con-inner\">\n\t\t\t\t<div class=\"elementor-element elementor-element-4a76312 elementor-widget elementor-widget-text-editor\" data-id=\"4a76312\" data-element_type=\"widget\" data-e-type=\"widget\" data-widget_type=\"text-editor.default\">\n\t\t\t\t\t\t\t\t\t<h3>Who I offer solutions to<\/h3><p>I offer solutions to small and medium-sized businesses, <span lang=\"sl\"><span title=\"\">B2B and B2C companies, <\/span><\/span><span lang=\"sl\"><span title=\"\">startups, associations and organisations, entrepreneurs.<\/span><\/span><\/p>\t\t\t\t\t\t\t\t<\/div>\n\t\t\t\t\t<\/div>\n\t\t\t\t<\/div>\n\t\t\t\t<section data-particle_enable=\"false\" data-particle-mobile-disabled=\"false\" class=\"elementor-section elementor-top-section elementor-element elementor-element-266cf2f elementor-section-boxed elementor-section-height-default elementor-section-height-default\" data-id=\"266cf2f\" data-element_type=\"section\" data-e-type=\"section\">\n\t\t\t\t\t\t\t<div class=\"elementor-background-overlay\"><\/div>\n\t\t\t\t\t\t\t<div class=\"elementor-container elementor-column-gap-default\">\n\t\t\t\t\t<div class=\"elementor-column elementor-col-100 elementor-top-column elementor-element elementor-element-6fbeff5\" data-id=\"6fbeff5\" data-element_type=\"column\" data-e-type=\"column\">\n\t\t\t<div class=\"elementor-widget-wrap elementor-element-populated\">\n\t\t\t\t\t\t<div class=\"elementor-element elementor-element-8d0bec6 elementor-tablet-align-justify elementor-mobile-align-justify elementor-widget elementor-widget-button\" data-id=\"8d0bec6\" data-element_type=\"widget\" data-e-type=\"widget\" data-widget_type=\"button.default\">\n\t\t\t\t\t\t\t\t\t\t<a class=\"elementor-button elementor-button-link elementor-size-xl\" href=\"\/en\/contact\/\" id=\"za\u010dnimo projekt\">\n\t\t\t\t\t\t<span class=\"elementor-button-content-wrapper\">\n\t\t\t\t\t\t\t\t\t<span class=\"elementor-button-text\">CONTACT ME<\/span>\n\t\t\t\t\t<\/span>\n\t\t\t\t\t<\/a>\n\t\t\t\t\t\t\t\t<\/div>\n\t\t\t\t\t<\/div>\n\t\t<\/div>\n\t\t\t\t\t<\/div>\n\t\t<\/section>\n\t\t\t\t<section data-particle_enable=\"false\" data-particle-mobile-disabled=\"false\" class=\"elementor-section elementor-top-section elementor-element elementor-element-2f21430 elementor-section-boxed elementor-section-height-default elementor-section-height-default\" data-id=\"2f21430\" data-element_type=\"section\" data-e-type=\"section\">\n\t\t\t\t\t\t<div class=\"elementor-container elementor-column-gap-default\">\n\t\t\t\t\t<div class=\"elementor-column elementor-col-100 elementor-top-column elementor-element elementor-element-384b3ce\" data-id=\"384b3ce\" data-element_type=\"column\" data-e-type=\"column\">\n\t\t\t<div class=\"elementor-widget-wrap elementor-element-populated\">\n\t\t\t\t\t\t<div class=\"elementor-element elementor-element-797a5b2 elementor-widget elementor-widget-spacer\" data-id=\"797a5b2\" data-element_type=\"widget\" data-e-type=\"widget\" data-widget_type=\"spacer.default\">\n\t\t\t\t\t\t\t<div class=\"elementor-spacer\">\n\t\t\t<div class=\"elementor-spacer-inner\"><\/div>\n\t\t<\/div>\n\t\t\t\t\t\t<\/div>\n\t\t\t\t\t<\/div>\n\t\t<\/div>\n\t\t\t\t\t<\/div>\n\t\t<\/section>\n\t\t\t\t<\/div>","protected":false},"excerpt":{"rendered":"<p>O meni Sem David Praznik, senior UX\/UI in produktni oblikovalec z multidisciplinarnim ozadjem in ve\u010d kot 25 leti izku\u0161enj. Svojo pot sem gradil na kompleksnih podro\u010djih medicine, znanosti in financ, kjer sem se nau\u010dil, kako zapletena orodja spremeniti v prijazne uporabni\u0161ke izku\u0161nje. Verjamem v tesno sodelovanje z naro\u010dniki in znotraj ekip, saj le tako re\u0161itve [&hellip;]<\/p>\n","protected":false},"author":1,"featured_media":0,"parent":0,"menu_order":0,"comment_status":"closed","ping_status":"closed","template":"elementor_header_footer","meta":{"inline_featured_image":false,"footnotes":""},"class_list":["post-29999","page","type-page","status-publish","hentry"],"_links":{"self":[{"href":"https:\/\/davidpraznik.com\/en\/wp-json\/wp\/v2\/pages\/29999","targetHints":{"allow":["GET"]}}],"collection":[{"href":"https:\/\/davidpraznik.com\/en\/wp-json\/wp\/v2\/pages"}],"about":[{"href":"https:\/\/davidpraznik.com\/en\/wp-json\/wp\/v2\/types\/page"}],"author":[{"embeddable":true,"href":"https:\/\/davidpraznik.com\/en\/wp-json\/wp\/v2\/users\/1"}],"replies":[{"embeddable":true,"href":"https:\/\/davidpraznik.com\/en\/wp-json\/wp\/v2\/comments?post=29999"}],"version-history":[{"count":129,"href":"https:\/\/davidpraznik.com\/en\/wp-json\/wp\/v2\/pages\/29999\/revisions"}],"predecessor-version":[{"id":35511,"href":"https:\/\/davidpraznik.com\/en\/wp-json\/wp\/v2\/pages\/29999\/revisions\/35511"}],"wp:attachment":[{"href":"https:\/\/davidpraznik.com\/en\/wp-json\/wp\/v2\/media?parent=29999"}],"curies":[{"name":"wp","href":"https:\/\/api.w.org\/{rel}","templated":true}]}}