{"id":30261,"date":"2020-02-14T21:28:32","date_gmt":"2020-02-14T20:28:32","guid":{"rendered":"https:\/\/www.ideator.si\/?page_id=30261"},"modified":"2026-01-15T15:16:52","modified_gmt":"2026-01-15T15:16:52","slug":"frequently-asked-questions","status":"publish","type":"page","link":"https:\/\/davidpraznik.com\/en\/pogosto-zastavljena-vprasanja\/","title":{"rendered":"Frequently Asked Questions"},"content":{"rendered":"\t\t<div data-elementor-type=\"wp-page\" data-elementor-id=\"30261\" class=\"elementor elementor-30261\" data-elementor-post-type=\"page\">\n\t\t\t\t<div data-particle_enable=\"false\" data-particle-mobile-disabled=\"false\" class=\"elementor-element elementor-element-e0083a5 e-flex e-con-boxed e-con e-parent\" data-id=\"e0083a5\" data-element_type=\"container\" data-e-type=\"container\">\n\t\t\t\t\t<div class=\"e-con-inner\">\n\t\t<div data-particle_enable=\"false\" data-particle-mobile-disabled=\"false\" class=\"elementor-element elementor-element-3b24d02 e-con-full e-flex e-con e-child\" data-id=\"3b24d02\" data-element_type=\"container\" data-e-type=\"container\">\n\t\t\t\t<div class=\"elementor-element elementor-element-b7e71cb elementor-widget elementor-widget-heading\" data-id=\"b7e71cb\" data-element_type=\"widget\" data-e-type=\"widget\" data-widget_type=\"heading.default\">\n\t\t\t\t\t<h1 class=\"elementor-heading-title elementor-size-default\">Pogosto zastavljena vpra\u0161anja<\/h1>\t\t\t\t<\/div>\n\t\t\t\t<\/div>\n\t\t\t\t\t<\/div>\n\t\t\t\t<\/div>\n\t\t<div data-particle_enable=\"false\" data-particle-mobile-disabled=\"false\" class=\"elementor-element elementor-element-d640b5a e-flex e-con-boxed e-con e-parent\" data-id=\"d640b5a\" data-element_type=\"container\" data-e-type=\"container\">\n\t\t\t\t\t<div class=\"e-con-inner\">\n\t\t<div data-particle_enable=\"false\" data-particle-mobile-disabled=\"false\" class=\"elementor-element elementor-element-7b226a9 e-con-full e-flex e-con e-child\" data-id=\"7b226a9\" data-element_type=\"container\" data-e-type=\"container\">\n\t\t\t\t<div class=\"elementor-element elementor-element-df0dcd8 elementor-widget elementor-widget-toggle\" data-id=\"df0dcd8\" data-element_type=\"widget\" data-e-type=\"widget\" data-widget_type=\"toggle.default\">\n\t\t\t\t\t\t\t<div class=\"elementor-toggle\">\n\t\t\t\t\t\t\t<div class=\"elementor-toggle-item\">\n\t\t\t\t\t<div id=\"elementor-tab-title-2331\" class=\"elementor-tab-title\" data-tab=\"1\" role=\"button\" aria-controls=\"elementor-tab-content-2331\" aria-expanded=\"false\">\n\t\t\t\t\t\t\t\t\t\t\t\t<a class=\"elementor-toggle-title\" tabindex=\"0\">Koliko traja izvedba projekta?<\/a>\n\t\t\t\t\t<\/div>\n\n\t\t\t\t\t<div id=\"elementor-tab-content-2331\" class=\"elementor-tab-content elementor-clearfix\" data-tab=\"1\" role=\"region\" aria-labelledby=\"elementor-tab-title-2331\"><p>\u010cas izvedbe je odvisen od zahtevnosti in obse\u017enosti vsakega projekta posebej. Za ve\u010dino projektov obi\u010dajno priporo\u010dam toliko \u010dasa, da zagotovim najbolj\u0161e rezultate raziskave, ustvarjalnosti in izvedbe re\u0161itve.<\/p><\/div>\n\t\t\t\t<\/div>\n\t\t\t\t\t\t\t<div class=\"elementor-toggle-item\">\n\t\t\t\t\t<div id=\"elementor-tab-title-2332\" class=\"elementor-tab-title\" data-tab=\"2\" role=\"button\" aria-controls=\"elementor-tab-content-2332\" aria-expanded=\"false\">\n\t\t\t\t\t\t\t\t\t\t\t\t<a class=\"elementor-toggle-title\" tabindex=\"0\">Ali deluje\u0161 sam?<\/a>\n\t\t\t\t\t<\/div>\n\n\t\t\t\t\t<div id=\"elementor-tab-content-2332\" class=\"elementor-tab-content elementor-clearfix\" data-tab=\"2\" role=\"region\" aria-labelledby=\"elementor-tab-title-2332\"><p>Ta spletna stran v osnovi predstavlja mene, <a href=\"https:\/\/www.davidpraznik.com\/david-praznik-cv-curriculum-vitae\/\">Davida Praznika<\/a>. Vendar pa <strong>vsa podro\u010dja, ki so izven obsega mojega znanja, pokrivam s sodelavnjem z zunanjimi sodelavci<\/strong> razli\u010dnih strok in tako ponudim <strong>kakovostno paketno storitev<\/strong>. Odvisno od vsakega projekta posebej in \u017eelje naro\u010dnika.\u00a0<\/p><\/div>\n\t\t\t\t<\/div>\n\t\t\t\t\t\t\t<div class=\"elementor-toggle-item\">\n\t\t\t\t\t<div id=\"elementor-tab-title-2333\" class=\"elementor-tab-title\" data-tab=\"3\" role=\"button\" aria-controls=\"elementor-tab-content-2333\" aria-expanded=\"false\">\n\t\t\t\t\t\t\t\t\t\t\t\t<a class=\"elementor-toggle-title\" tabindex=\"0\">Kako poteka proces izvedbe projekta?<\/a>\n\t\t\t\t\t<\/div>\n\n\t\t\t\t\t<div id=\"elementor-tab-content-2333\" class=\"elementor-tab-content elementor-clearfix\" data-tab=\"3\" role=\"region\" aria-labelledby=\"elementor-tab-title-2333\"><p>Proces projekta poteka pribli\u017eno takole: <br \/>povpra\u0161evanje \u2192 sestanek \u2192 ponudba \u2192 potrditev in podpis pogodbe \u2192 1. del nakazila pla\u010dila \u2192 za\u010detek projekta \u2192 raziskava \u2192 strategija in konceptualizacija \u2192 oblikovanje \u2192 predstavitev tipi\u010dnih elementov in mo\u017enost dodatnih sprememb \u2192 potrditev \u2192 izvedba vseh elementov in okolja \u2192 predstavitev \u2192 potrditev \u2192 realizacija \u2192 javna objava \/ predaja kon\u010dnega izdelka \u2192 2. del nakazila pla\u010dila \u2192 podpora.<\/p><\/div>\n\t\t\t\t<\/div>\n\t\t\t\t\t\t\t<div class=\"elementor-toggle-item\">\n\t\t\t\t\t<div id=\"elementor-tab-title-2334\" class=\"elementor-tab-title\" data-tab=\"4\" role=\"button\" aria-controls=\"elementor-tab-content-2334\" aria-expanded=\"false\">\n\t\t\t\t\t\t\t\t\t\t\t\t<a class=\"elementor-toggle-title\" tabindex=\"0\">Ali lahko sodelujemo, \u010de nismo locirani v Ljubljani?<\/a>\n\t\t\t\t\t<\/div>\n\n\t\t\t\t\t<div id=\"elementor-tab-content-2334\" class=\"elementor-tab-content elementor-clearfix\" data-tab=\"4\" role=\"region\" aria-labelledby=\"elementor-tab-title-2334\"><p>Seveda. Sodelovanje in komunikacija lahko nemoteno potekajo tudi na daljavo s pomo\u010djo video klica, telefonskega pogovora in e-po\u0161te. \u010ce ste v bli\u017eini pa je vsekakor lepo, da se spoznamo v \u017eivo in si se\u017eemo v roko.<\/p><\/div>\n\t\t\t\t<\/div>\n\t\t\t\t\t\t\t<div class=\"elementor-toggle-item\">\n\t\t\t\t\t<div id=\"elementor-tab-title-2335\" class=\"elementor-tab-title\" data-tab=\"5\" role=\"button\" aria-controls=\"elementor-tab-content-2335\" aria-expanded=\"false\">\n\t\t\t\t\t\t\t\t\t\t\t\t<a class=\"elementor-toggle-title\" tabindex=\"0\">Ste \u017ee opravili kak\u0161no delo za podro\u010dje, ki ga pokriva na\u0161e podjetje?<\/a>\n\t\t\t\t\t<\/div>\n\n\t\t\t\t\t<div id=\"elementor-tab-content-2335\" class=\"elementor-tab-content elementor-clearfix\" data-tab=\"5\" role=\"region\" aria-labelledby=\"elementor-tab-title-2335\"><p>Najverjetneje da, sicer pa svoje sposobnosti, raziskave in procese dela prilagajam potrebam in industriji stranke.<\/p><\/div>\n\t\t\t\t<\/div>\n\t\t\t\t\t\t\t<div class=\"elementor-toggle-item\">\n\t\t\t\t\t<div id=\"elementor-tab-title-2336\" class=\"elementor-tab-title\" data-tab=\"6\" role=\"button\" aria-controls=\"elementor-tab-content-2336\" aria-expanded=\"false\">\n\t\t\t\t\t\t\t\t\t\t\t\t<a class=\"elementor-toggle-title\" tabindex=\"0\">Kdo je po zaklju\u010denem projektu lastnik avtorskih pravic?<\/a>\n\t\t\t\t\t<\/div>\n\n\t\t\t\t\t<div id=\"elementor-tab-content-2336\" class=\"elementor-tab-content elementor-clearfix\" data-tab=\"6\" role=\"region\" aria-labelledby=\"elementor-tab-title-2336\"><p>Po celotnem pla\u010dilu zneska, naro\u010dnik postane lastnik vizualnih elementov, s katerimi smo oblikovali projekt, izvajalec pa ostane lastnik kombinacije teh elementov. S tem zagotovimo oblikovno celoto in njeno funkcionalnost, naro\u010dnik pa ima ekskluzivno in trajno licenco do njene uporabe.<\/p><p>\u010ce pa naro\u010dnik zahteva druga\u010de, je mo\u017een prenos vseh avtorskih pravic, ki vklju\u010dujejo materialne avtorske pravice, pravico do reprodukcije in predelave, kar pa se dodatno zara\u010duna. Po tem lahko uporabnik po\u010dne z re\u0161itvijo kar \u017eeli.<\/p><p>Izvajalec ima v vsakem primeru pravico do objave re\u0161itve na svoji spletni strani in ga navajati kot referenco v drugih medijih razen, \u010de gre za re\u0161itev, ki je poslovna skrivnost, kar pa dodatno opredelim \u017ee v pogodbi.<\/p><\/div>\n\t\t\t\t<\/div>\n\t\t\t\t\t\t\t<div class=\"elementor-toggle-item\">\n\t\t\t\t\t<div id=\"elementor-tab-title-2337\" class=\"elementor-tab-title\" data-tab=\"7\" role=\"button\" aria-controls=\"elementor-tab-content-2337\" aria-expanded=\"false\">\n\t\t\t\t\t\t\t\t\t\t\t\t<a class=\"elementor-toggle-title\" tabindex=\"0\">Kdo poskrbi za vnos vsebine na spletno stran?<\/a>\n\t\t\t\t\t<\/div>\n\n\t\t\t\t\t<div id=\"elementor-tab-content-2337\" class=\"elementor-tab-content elementor-clearfix\" data-tab=\"7\" role=\"region\" aria-labelledby=\"elementor-tab-title-2337\"><p>Vnos vsebine je primarno domena naro\u010dnika, lahko pa to delo prevzamem jaz (ali kdo iz ekipe), kar se dodatno zara\u010duna. \u010ce je obseg vsebine velik, ponudim paketno ceno, druga\u010de pa zara\u010dunam po dogovorjeni urni postavki.<\/p><\/div>\n\t\t\t\t<\/div>\n\t\t\t\t\t\t\t<div class=\"elementor-toggle-item\">\n\t\t\t\t\t<div id=\"elementor-tab-title-2338\" class=\"elementor-tab-title\" data-tab=\"8\" role=\"button\" aria-controls=\"elementor-tab-content-2338\" aria-expanded=\"false\">\n\t\t\t\t\t\t\t\t\t\t\t\t<a class=\"elementor-toggle-title\" tabindex=\"0\">Kaj se zgodi, \u010de za projekt nimam fotografij?<\/a>\n\t\t\t\t\t<\/div>\n\n\t\t\t\t\t<div id=\"elementor-tab-content-2338\" class=\"elementor-tab-content elementor-clearfix\" data-tab=\"8\" role=\"region\" aria-labelledby=\"elementor-tab-title-2338\"><p>Re\u0161itvi sta dve. Tematske fotografije lahko po ugodni ceni kupim v pla\u010dljivih foto-knji\u017enicah, \u010de pa projekt zahteva bolj profesionalen pristop po naro\u010dilu pa najamemo fotografa (zunanji izvajalec).<\/p><\/div>\n\t\t\t\t<\/div>\n\t\t\t\t\t\t\t<div class=\"elementor-toggle-item\">\n\t\t\t\t\t<div id=\"elementor-tab-title-2339\" class=\"elementor-tab-title\" data-tab=\"9\" role=\"button\" aria-controls=\"elementor-tab-content-2339\" aria-expanded=\"false\">\n\t\t\t\t\t\t\t\t\t\t\t\t<a class=\"elementor-toggle-title\" tabindex=\"0\">Kdaj lahko za\u010dnemo s sodelovanjem?<\/a>\n\t\t\t\t\t<\/div>\n\n\t\t\t\t\t<div id=\"elementor-tab-content-2339\" class=\"elementor-tab-content elementor-clearfix\" data-tab=\"9\" role=\"region\" aria-labelledby=\"elementor-tab-title-2339\"><p><strong>Naenkrat prevzamemo le toliko projektov, kot jih lahko izvedemo<\/strong>. Tako vsaki stranki zagotovimo svojo pozornost. <br \/><a href=\"https:\/\/www.davidpraznik.com\/kontakt\/\"><strong>Po\u0161ljite povpra\u0161evanje<\/strong><\/a> in dogovorili se bomo za ustrezen termin.<\/p><\/div>\n\t\t\t\t<\/div>\n\t\t\t\t\t\t\t<div class=\"elementor-toggle-item\">\n\t\t\t\t\t<div id=\"elementor-tab-title-23310\" class=\"elementor-tab-title\" data-tab=\"10\" role=\"button\" aria-controls=\"elementor-tab-content-23310\" aria-expanded=\"false\">\n\t\t\t\t\t\t\t\t\t\t\t\t<a class=\"elementor-toggle-title\" tabindex=\"0\">Imam vpra\u0161anje, ki ga tukaj ne najdem. Vas lahko kontaktiram?<\/a>\n\t\t\t\t\t<\/div>\n\n\t\t\t\t\t<div id=\"elementor-tab-content-23310\" class=\"elementor-tab-content elementor-clearfix\" data-tab=\"10\" role=\"region\" aria-labelledby=\"elementor-tab-title-23310\"><p>Seveda. Odgovori na pogosto zastavljena vpra\u0161anja so namenjeni osnovni predstavitvi dela z naro\u010dniki. Tako na enostaven na\u010din predstavim pomembna vodila in obrazlo\u017eim osnovne pojme. <a href=\"https:\/\/www.davidpraznik.com\/kontakt\/\"><strong>\u010ce vas \u0161e kaj zanima, me kontaktirajte<\/strong><\/a>. Z veseljem se bom odzval in potrudil, da vam u\u010dinkovito re\u0161itev ponudim v dogovorjenem \u010dasovnem roku.<\/p><\/div>\n\t\t\t\t<\/div>\n\t\t\t\t\t\t\t\t\t\t<script type=\"application\/ld+json\">{\"@context\":\"https:\\\/\\\/schema.org\",\"@type\":\"FAQPage\",\"mainEntity\":[{\"@type\":\"Question\",\"name\":\"Koliko traja izvedba projekta?\",\"acceptedAnswer\":{\"@type\":\"Answer\",\"text\":\"<p>\\u010cas izvedbe je odvisen od zahtevnosti in obse\\u017enosti vsakega projekta posebej. Za ve\\u010dino projektov obi\\u010dajno priporo\\u010dam toliko \\u010dasa, da zagotovim najbolj\\u0161e rezultate raziskave, ustvarjalnosti in izvedbe re\\u0161itve.<\\\/p>\"}},{\"@type\":\"Question\",\"name\":\"Ali deluje\\u0161 sam?\",\"acceptedAnswer\":{\"@type\":\"Answer\",\"text\":\"<p>Ta spletna stran v osnovi predstavlja mene, <a href=\\\"https:\\\/\\\/www.davidpraznik.com\\\/david-praznik-cv-curriculum-vitae\\\/\\\">Davida Praznika<\\\/a>. Vendar pa <strong>vsa podro\\u010dja, ki so izven obsega mojega znanja, pokrivam s sodelavnjem z zunanjimi sodelavci<\\\/strong> razli\\u010dnih strok in tako ponudim <strong>kakovostno paketno storitev<\\\/strong>. Odvisno od vsakega projekta posebej in \\u017eelje naro\\u010dnika.\\u00a0<\\\/p>\"}},{\"@type\":\"Question\",\"name\":\"Kako poteka proces izvedbe projekta?\",\"acceptedAnswer\":{\"@type\":\"Answer\",\"text\":\"<p>Proces projekta poteka pribli\\u017eno takole: <br \\\/>povpra\\u0161evanje \\u2192 sestanek \\u2192 ponudba \\u2192 potrditev in podpis pogodbe \\u2192 1. del nakazila pla\\u010dila \\u2192 za\\u010detek projekta \\u2192 raziskava \\u2192 strategija in konceptualizacija \\u2192 oblikovanje \\u2192 predstavitev tipi\\u010dnih elementov in mo\\u017enost dodatnih sprememb \\u2192 potrditev \\u2192 izvedba vseh elementov in okolja \\u2192 predstavitev \\u2192 potrditev \\u2192 realizacija \\u2192 javna objava \\\/ predaja kon\\u010dnega izdelka \\u2192 2. del nakazila pla\\u010dila \\u2192 podpora.<\\\/p>\"}},{\"@type\":\"Question\",\"name\":\"Ali lahko sodelujemo, \\u010de nismo locirani v Ljubljani?\",\"acceptedAnswer\":{\"@type\":\"Answer\",\"text\":\"<p>Seveda. Sodelovanje in komunikacija lahko nemoteno potekajo tudi na daljavo s pomo\\u010djo video klica, telefonskega pogovora in e-po\\u0161te. \\u010ce ste v bli\\u017eini pa je vsekakor lepo, da se spoznamo v \\u017eivo in si se\\u017eemo v roko.<\\\/p>\"}},{\"@type\":\"Question\",\"name\":\"Ste \\u017ee opravili kak\\u0161no delo za podro\\u010dje, ki ga pokriva na\\u0161e podjetje?\",\"acceptedAnswer\":{\"@type\":\"Answer\",\"text\":\"<p>Najverjetneje da, sicer pa svoje sposobnosti, raziskave in procese dela prilagajam potrebam in industriji stranke.<\\\/p>\"}},{\"@type\":\"Question\",\"name\":\"Kdo je po zaklju\\u010denem projektu lastnik avtorskih pravic?\",\"acceptedAnswer\":{\"@type\":\"Answer\",\"text\":\"<p>Po celotnem pla\\u010dilu zneska, naro\\u010dnik postane lastnik vizualnih elementov, s katerimi smo oblikovali projekt, izvajalec pa ostane lastnik kombinacije teh elementov. S tem zagotovimo oblikovno celoto in njeno funkcionalnost, naro\\u010dnik pa ima ekskluzivno in trajno licenco do njene uporabe.<\\\/p><p>\\u010ce pa naro\\u010dnik zahteva druga\\u010de, je mo\\u017een prenos vseh avtorskih pravic, ki vklju\\u010dujejo materialne avtorske pravice, pravico do reprodukcije in predelave, kar pa se dodatno zara\\u010duna. Po tem lahko uporabnik po\\u010dne z re\\u0161itvijo kar \\u017eeli.<\\\/p><p>Izvajalec ima v vsakem primeru pravico do objave re\\u0161itve na svoji spletni strani in ga navajati kot referenco v drugih medijih razen, \\u010de gre za re\\u0161itev, ki je poslovna skrivnost, kar pa dodatno opredelim \\u017ee v pogodbi.<\\\/p>\"}},{\"@type\":\"Question\",\"name\":\"Kdo poskrbi za vnos vsebine na spletno stran?\",\"acceptedAnswer\":{\"@type\":\"Answer\",\"text\":\"<p>Vnos vsebine je primarno domena naro\\u010dnika, lahko pa to delo prevzamem jaz (ali kdo iz ekipe), kar se dodatno zara\\u010duna. \\u010ce je obseg vsebine velik, ponudim paketno ceno, druga\\u010de pa zara\\u010dunam po dogovorjeni urni postavki.<\\\/p>\"}},{\"@type\":\"Question\",\"name\":\"Kaj se zgodi, \\u010de za projekt nimam fotografij?\",\"acceptedAnswer\":{\"@type\":\"Answer\",\"text\":\"<p>Re\\u0161itvi sta dve. Tematske fotografije lahko po ugodni ceni kupim v pla\\u010dljivih foto-knji\\u017enicah, \\u010de pa projekt zahteva bolj profesionalen pristop po naro\\u010dilu pa najamemo fotografa (zunanji izvajalec).<\\\/p>\"}},{\"@type\":\"Question\",\"name\":\"Kdaj lahko za\\u010dnemo s sodelovanjem?\",\"acceptedAnswer\":{\"@type\":\"Answer\",\"text\":\"<p><strong>Naenkrat prevzamemo le toliko projektov, kot jih lahko izvedemo<\\\/strong>. Tako vsaki stranki zagotovimo svojo pozornost. <br \\\/><a href=\\\"https:\\\/\\\/www.davidpraznik.com\\\/kontakt\\\/\\\"><strong>Po\\u0161ljite povpra\\u0161evanje<\\\/strong><\\\/a> in dogovorili se bomo za ustrezen termin.<\\\/p>\"}},{\"@type\":\"Question\",\"name\":\"Imam vpra\\u0161anje, ki ga tukaj ne najdem. Vas lahko kontaktiram?\",\"acceptedAnswer\":{\"@type\":\"Answer\",\"text\":\"<p>Seveda. Odgovori na pogosto zastavljena vpra\\u0161anja so namenjeni osnovni predstavitvi dela z naro\\u010dniki. Tako na enostaven na\\u010din predstavim pomembna vodila in obrazlo\\u017eim osnovne pojme. <a href=\\\"https:\\\/\\\/www.davidpraznik.com\\\/kontakt\\\/\\\"><strong>\\u010ce vas \\u0161e kaj zanima, me kontaktirajte<\\\/strong><\\\/a>. Z veseljem se bom odzval in potrudil, da vam u\\u010dinkovito re\\u0161itev ponudim v dogovorjenem \\u010dasovnem roku.<\\\/p>\"}}]}<\/script>\n\t\t\t\t\t<\/div>\n\t\t\t\t\t\t<\/div>\n\t\t\t\t<\/div>\n\t\t\t\t\t<\/div>\n\t\t\t\t<\/div>\n\t\t\t\t<section data-particle_enable=\"false\" data-particle-mobile-disabled=\"false\" class=\"elementor-section elementor-top-section elementor-element elementor-element-6979ec7 elementor-section-boxed elementor-section-height-default elementor-section-height-default\" data-id=\"6979ec7\" data-element_type=\"section\" data-e-type=\"section\">\n\t\t\t\t\t\t\t<div class=\"elementor-background-overlay\"><\/div>\n\t\t\t\t\t\t\t<div class=\"elementor-container elementor-column-gap-default\">\n\t\t\t\t\t<div class=\"elementor-column elementor-col-100 elementor-top-column elementor-element elementor-element-f9f23f5\" data-id=\"f9f23f5\" data-element_type=\"column\" data-e-type=\"column\">\n\t\t\t<div class=\"elementor-widget-wrap elementor-element-populated\">\n\t\t\t\t\t\t<div class=\"elementor-element elementor-element-5ca8290 elementor-tablet-align-justify elementor-mobile-align-justify elementor-widget elementor-widget-button\" data-id=\"5ca8290\" data-element_type=\"widget\" data-e-type=\"widget\" data-widget_type=\"button.default\">\n\t\t\t\t\t\t\t\t\t\t<a class=\"elementor-button elementor-button-link elementor-size-xl\" href=\"\/kontakt\/\" id=\"za\u010dnimo projekt\">\n\t\t\t\t\t\t<span class=\"elementor-button-content-wrapper\">\n\t\t\t\t\t\t\t\t\t<span class=\"elementor-button-text\">STOPIMO V STIK<\/span>\n\t\t\t\t\t<\/span>\n\t\t\t\t\t<\/a>\n\t\t\t\t\t\t\t\t<\/div>\n\t\t\t\t\t<\/div>\n\t\t<\/div>\n\t\t\t\t\t<\/div>\n\t\t<\/section>\n\t\t\t\t<section data-particle_enable=\"false\" data-particle-mobile-disabled=\"false\" class=\"elementor-section elementor-top-section elementor-element elementor-element-46dda67 elementor-section-boxed elementor-section-height-default elementor-section-height-default\" data-id=\"46dda67\" data-element_type=\"section\" data-e-type=\"section\">\n\t\t\t\t\t\t<div class=\"elementor-container elementor-column-gap-default\">\n\t\t\t\t\t<div class=\"elementor-column elementor-col-100 elementor-top-column elementor-element elementor-element-9b2ca75\" data-id=\"9b2ca75\" data-element_type=\"column\" data-e-type=\"column\">\n\t\t\t<div class=\"elementor-widget-wrap elementor-element-populated\">\n\t\t\t\t\t\t<div class=\"elementor-element elementor-element-94ae557 elementor-widget elementor-widget-spacer\" data-id=\"94ae557\" data-element_type=\"widget\" data-e-type=\"widget\" data-widget_type=\"spacer.default\">\n\t\t\t\t\t\t\t<div class=\"elementor-spacer\">\n\t\t\t<div class=\"elementor-spacer-inner\"><\/div>\n\t\t<\/div>\n\t\t\t\t\t\t<\/div>\n\t\t\t\t\t<\/div>\n\t\t<\/div>\n\t\t\t\t\t<\/div>\n\t\t<\/section>\n\t\t\t\t<\/div>\n\t\t","protected":false},"excerpt":{"rendered":"<p>Pogosto zastavljena vpra\u0161anja Koliko traja izvedba projekta? \u010cas izvedbe je odvisen od zahtevnosti in obse\u017enosti vsakega projekta posebej. Za ve\u010dino projektov obi\u010dajno priporo\u010dam toliko \u010dasa, da zagotovim najbolj\u0161e rezultate raziskave, ustvarjalnosti in izvedbe re\u0161itve. Ali deluje\u0161 sam? Ta spletna stran v osnovi predstavlja mene, Davida Praznika. Vendar pa vsa podro\u010dja, ki so izven obsega mojega [&hellip;]<\/p>\n","protected":false},"author":1,"featured_media":0,"parent":0,"menu_order":0,"comment_status":"closed","ping_status":"closed","template":"elementor_header_footer","meta":{"inline_featured_image":false,"footnotes":""},"class_list":["post-30261","page","type-page","status-publish","hentry"],"_links":{"self":[{"href":"https:\/\/davidpraznik.com\/en\/wp-json\/wp\/v2\/pages\/30261","targetHints":{"allow":["GET"]}}],"collection":[{"href":"https:\/\/davidpraznik.com\/en\/wp-json\/wp\/v2\/pages"}],"about":[{"href":"https:\/\/davidpraznik.com\/en\/wp-json\/wp\/v2\/types\/page"}],"author":[{"embeddable":true,"href":"https:\/\/davidpraznik.com\/en\/wp-json\/wp\/v2\/users\/1"}],"replies":[{"embeddable":true,"href":"https:\/\/davidpraznik.com\/en\/wp-json\/wp\/v2\/comments?post=30261"}],"version-history":[{"count":81,"href":"https:\/\/davidpraznik.com\/en\/wp-json\/wp\/v2\/pages\/30261\/revisions"}],"predecessor-version":[{"id":35134,"href":"https:\/\/davidpraznik.com\/en\/wp-json\/wp\/v2\/pages\/30261\/revisions\/35134"}],"wp:attachment":[{"href":"https:\/\/davidpraznik.com\/en\/wp-json\/wp\/v2\/media?parent=30261"}],"curies":[{"name":"wp","href":"https:\/\/api.w.org\/{rel}","templated":true}]}}