{"id":32288,"date":"2022-01-28T17:24:16","date_gmt":"2022-01-28T16:24:16","guid":{"rendered":"https:\/\/www.ideator.si\/?page_id=32288"},"modified":"2022-01-28T17:24:16","modified_gmt":"2022-01-28T16:24:16","slug":"user-experience-ux-2","status":"publish","type":"page","link":"https:\/\/davidpraznik.com\/en\/ux-ui-oblikovanje\/","title":{"rendered":"UX\/UI design"},"content":{"rendered":"<div data-elementor-type=\"wp-page\" data-elementor-id=\"32288\" class=\"elementor elementor-32288\" data-elementor-post-type=\"page\">\n\t\t\t\t\t\t<section data-particle_enable=\"false\" data-particle-mobile-disabled=\"false\" class=\"elementor-section elementor-top-section elementor-element elementor-element-b400cc2 elementor-section-boxed elementor-section-height-default elementor-section-height-default\" data-id=\"b400cc2\" data-element_type=\"section\" data-e-type=\"section\">\n\t\t\t\t\t\t<div class=\"elementor-container elementor-column-gap-default\">\n\t\t\t\t\t<div class=\"elementor-column elementor-col-100 elementor-top-column elementor-element elementor-element-ab63d8d\" data-id=\"ab63d8d\" data-element_type=\"column\" data-e-type=\"column\">\n\t\t\t<div class=\"elementor-widget-wrap elementor-element-populated\">\n\t\t\t\t\t\t<div class=\"elementor-element elementor-element-01253eb elementor-widget elementor-widget-heading\" data-id=\"01253eb\" data-element_type=\"widget\" data-e-type=\"widget\" data-widget_type=\"heading.default\">\n\t\t\t\t\t<h1 class=\"elementor-heading-title elementor-size-xxl\">UX\/UI design<\/h1>\t\t\t\t<\/div>\n\t\t\t\t\t<\/div>\n\t\t<\/div>\n\t\t\t\t\t<\/div>\n\t\t<\/section>\n\t\t\t\t<section data-particle_enable=\"false\" data-particle-mobile-disabled=\"false\" class=\"elementor-section elementor-top-section elementor-element elementor-element-eb9bc5e elementor-section-boxed elementor-section-height-default elementor-section-height-default\" data-id=\"eb9bc5e\" data-element_type=\"section\" data-e-type=\"section\">\n\t\t\t\t\t\t<div class=\"elementor-container elementor-column-gap-default\">\n\t\t\t\t\t<div class=\"elementor-column elementor-col-100 elementor-top-column elementor-element elementor-element-3700ac2\" data-id=\"3700ac2\" data-element_type=\"column\" data-e-type=\"column\">\n\t\t\t<div class=\"elementor-widget-wrap elementor-element-populated\">\n\t\t\t\t\t\t<div class=\"elementor-element elementor-element-5725211 elementor-widget elementor-widget-spacer\" data-id=\"5725211\" data-element_type=\"widget\" data-e-type=\"widget\" data-widget_type=\"spacer.default\">\n\t\t\t\t\t\t\t<div class=\"elementor-spacer\">\n\t\t\t<div class=\"elementor-spacer-inner\"><\/div>\n\t\t<\/div>\n\t\t\t\t\t\t<\/div>\n\t\t\t\t\t<\/div>\n\t\t<\/div>\n\t\t\t\t\t<\/div>\n\t\t<\/section>\n\t\t\t\t<section data-particle_enable=\"false\" data-particle-mobile-disabled=\"false\" class=\"elementor-section elementor-top-section elementor-element elementor-element-3650f96 elementor-section-boxed elementor-section-height-default elementor-section-height-default\" data-id=\"3650f96\" data-element_type=\"section\" data-e-type=\"section\">\n\t\t\t\t\t\t<div class=\"elementor-container elementor-column-gap-default\">\n\t\t\t\t\t<div class=\"elementor-column elementor-col-100 elementor-top-column elementor-element elementor-element-443a0ed\" data-id=\"443a0ed\" data-element_type=\"column\" data-e-type=\"column\">\n\t\t\t<div class=\"elementor-widget-wrap elementor-element-populated\">\n\t\t\t\t\t\t<div class=\"elementor-element elementor-element-30a5ba5 elementor-widget elementor-widget-text-editor\" data-id=\"30a5ba5\" data-element_type=\"widget\" data-e-type=\"widget\" data-widget_type=\"text-editor.default\">\n\t\t\t\t\t\t\t\t\t<p><strong>UX (user experience)<\/strong> and <strong>UI (user interface) design<\/strong> are two closely linked <em>Disciplines<\/em>, who together make digital solutions not only beautiful, but also effective. <strong>UX<\/strong>\u00a0focuses on the user experience: how easy it is to use the product and how effectively it achieves its goals. <strong>UI design<\/strong> takes care of the visual side of the product, i.e. elements such as colours, typography, icons and the arrangement of elements on the screen. Together, they create solutions that are functional, visually appealing and tailored to users' needs.<\/p>\t\t\t\t\t\t\t\t<\/div>\n\t\t\t\t<div class=\"elementor-element elementor-element-0ac394d elementor-widget elementor-widget-heading\" data-id=\"0ac394d\" data-element_type=\"widget\" data-e-type=\"widget\" data-widget_type=\"heading.default\">\n\t\t\t\t\t<h2 class=\"elementor-heading-title elementor-size-default\">By what criteria do users typically evaluate their experiences?<\/h2>\t\t\t\t<\/div>\n\t\t\t\t<div class=\"elementor-element elementor-element-90248da elementor-widget elementor-widget-text-editor\" data-id=\"90248da\" data-element_type=\"widget\" data-e-type=\"widget\" data-widget_type=\"text-editor.default\">\n\t\t\t\t\t\t\t\t\t<ul><li class=\"translation-block\"><strong>Value<\/strong>: Does this product give me value?<\/li><li class=\"translation-block\"><strong>Function<\/strong>: does this product work?<\/li><li class=\"translation-block\"><strong>Usability<\/strong>: Is this product easy to use?<\/li><li class=\"translation-block\"><strong>Overall impression<\/strong>: Is the product pleasant to use?<\/li><\/ul>\t\t\t\t\t\t\t\t<\/div>\n\t\t\t\t<div class=\"elementor-element elementor-element-b08d2a7 elementor-widget elementor-widget-heading\" data-id=\"b08d2a7\" data-element_type=\"widget\" data-e-type=\"widget\" data-widget_type=\"heading.default\">\n\t\t\t\t\t<h2 class=\"elementor-heading-title elementor-size-default\">What is the UX\/UI design process?<\/h2>\t\t\t\t<\/div>\n\t\t\t\t<div class=\"elementor-element elementor-element-fff5649 elementor-widget elementor-widget-text-editor\" data-id=\"fff5649\" data-element_type=\"widget\" data-e-type=\"widget\" data-widget_type=\"text-editor.default\">\n\t\t\t\t\t\t\t\t\t<ul><li><strong>Research and analysis<\/strong><\/li><li><strong>Defining strategy and goals<\/strong><\/li><li><strong>Planning the user experience (UX)<\/strong><\/li><li><strong>User Interface design (UI)<\/strong><\/li><li><strong>Testing and improvements<\/strong><\/li><li class=\"translation-block\"><strong>Implementation and collaboration with developers<\/strong><br>\nI can collaborate with your development team or provide my own team to ensure that the final product matches the design and works flawlessly.<\/li><\/ul>\t\t\t\t\t\t\t\t<\/div>\n\t\t\t\t<div class=\"elementor-element elementor-element-b3cd05a elementor-widget elementor-widget-heading\" data-id=\"b3cd05a\" data-element_type=\"widget\" data-e-type=\"widget\" data-widget_type=\"heading.default\">\n\t\t\t\t\t<h2 class=\"elementor-heading-title elementor-size-default\">What are the key benefits of UX\/UI design?<\/h2>\t\t\t\t<\/div>\n\t\t\t\t<div class=\"elementor-element elementor-element-02aba73 elementor-widget elementor-widget-text-editor\" data-id=\"02aba73\" data-element_type=\"widget\" data-e-type=\"widget\" data-widget_type=\"text-editor.default\">\n\t\t\t\t\t\t\t\t\t<div class=\"translation-block\"><strong>Happy users:<\/strong> Products that are intuitive and beautiful increase user satisfaction.<\/div><div class=\"translation-block\"><strong>Better conversion:<\/strong> A well-designed interface can significantly increase the number of completed purchases or acquired contacts.<\/div><div class=\"translation-block\"><strong>Brand and solution loyalty:<\/strong> A pleasant user experience builds trust and customer loyalty.<\/div><div>\u00a0<\/div><div class=\"translation-block\">With a well-structured UX\/UI design process, we create digital products that work flawlessly, stand out in the market, and delight your users! <strong>Companies that invest in designing and defining the user experience have a greater chance of success.<\/strong><\/div>\t\t\t\t\t\t\t\t<\/div>\n\t\t\t\t\t<\/div>\n\t\t<\/div>\n\t\t\t\t\t<\/div>\n\t\t<\/section>\n\t\t\t\t<section data-particle_enable=\"false\" data-particle-mobile-disabled=\"false\" class=\"elementor-section elementor-top-section elementor-element elementor-element-2b18cc6 elementor-section-boxed elementor-section-height-default elementor-section-height-default\" data-id=\"2b18cc6\" data-element_type=\"section\" data-e-type=\"section\">\n\t\t\t\t\t\t<div class=\"elementor-container elementor-column-gap-default\">\n\t\t\t\t\t<div class=\"elementor-column elementor-col-100 elementor-top-column elementor-element elementor-element-9b15979\" data-id=\"9b15979\" data-element_type=\"column\" data-e-type=\"column\">\n\t\t\t<div class=\"elementor-widget-wrap elementor-element-populated\">\n\t\t\t\t\t\t<div class=\"elementor-element elementor-element-82ff8ec elementor-widget elementor-widget-spacer\" data-id=\"82ff8ec\" data-element_type=\"widget\" data-e-type=\"widget\" data-widget_type=\"spacer.default\">\n\t\t\t\t\t\t\t<div class=\"elementor-spacer\">\n\t\t\t<div class=\"elementor-spacer-inner\"><\/div>\n\t\t<\/div>\n\t\t\t\t\t\t<\/div>\n\t\t\t\t\t<\/div>\n\t\t<\/div>\n\t\t\t\t\t<\/div>\n\t\t<\/section>\n\t\t\t\t<section data-particle_enable=\"false\" data-particle-mobile-disabled=\"false\" class=\"elementor-section elementor-top-section elementor-element elementor-element-7ad1053 elementor-section-boxed elementor-section-height-default elementor-section-height-default\" data-id=\"7ad1053\" data-element_type=\"section\" data-e-type=\"section\">\n\t\t\t\t\t\t\t<div class=\"elementor-background-overlay\"><\/div>\n\t\t\t\t\t\t\t<div class=\"elementor-container elementor-column-gap-default\">\n\t\t\t\t\t<div class=\"elementor-column elementor-col-100 elementor-top-column elementor-element elementor-element-86090a2\" data-id=\"86090a2\" data-element_type=\"column\" data-e-type=\"column\">\n\t\t\t<div class=\"elementor-widget-wrap elementor-element-populated\">\n\t\t\t\t\t\t<div class=\"elementor-element elementor-element-5ec6f62 elementor-widget elementor-widget-button\" data-id=\"5ec6f62\" data-element_type=\"widget\" data-e-type=\"widget\" data-widget_type=\"button.default\">\n\t\t\t\t\t\t\t\t\t\t<a class=\"elementor-button elementor-button-link elementor-size-xl\" href=\"\/en\/contact\/\" id=\"za\u010dnimo projekt\">\n\t\t\t\t\t\t<span class=\"elementor-button-content-wrapper\">\n\t\t\t\t\t\t<span class=\"elementor-button-icon\">\n\t\t\t\t\t\t\t<\/span>\n\t\t\t\t\t\t\t\t\t<span class=\"elementor-button-text\">Let's start a project<\/span>\n\t\t\t\t\t<\/span>\n\t\t\t\t\t<\/a>\n\t\t\t\t\t\t\t\t<\/div>\n\t\t\t\t\t<\/div>\n\t\t<\/div>\n\t\t\t\t\t<\/div>\n\t\t<\/section>\n\t\t\t\t<section data-particle_enable=\"false\" data-particle-mobile-disabled=\"false\" class=\"elementor-section elementor-top-section elementor-element elementor-element-0287a82 elementor-section-boxed elementor-section-height-default elementor-section-height-default\" data-id=\"0287a82\" data-element_type=\"section\" data-e-type=\"section\">\n\t\t\t\t\t\t<div class=\"elementor-container elementor-column-gap-default\">\n\t\t\t\t\t<div class=\"elementor-column elementor-col-100 elementor-top-column elementor-element elementor-element-2357fbe\" data-id=\"2357fbe\" data-element_type=\"column\" data-e-type=\"column\">\n\t\t\t<div class=\"elementor-widget-wrap elementor-element-populated\">\n\t\t\t\t\t\t<div class=\"elementor-element elementor-element-5c5fd6b elementor-widget elementor-widget-spacer\" data-id=\"5c5fd6b\" data-element_type=\"widget\" data-e-type=\"widget\" data-widget_type=\"spacer.default\">\n\t\t\t\t\t\t\t<div class=\"elementor-spacer\">\n\t\t\t<div class=\"elementor-spacer-inner\"><\/div>\n\t\t<\/div>\n\t\t\t\t\t\t<\/div>\n\t\t\t\t\t<\/div>\n\t\t<\/div>\n\t\t\t\t\t<\/div>\n\t\t<\/section>\n\t\t\t\t<\/div>","protected":false},"excerpt":{"rendered":"<p>UX\/UI oblikovanje\u200b UX (uporabni\u0161ka izku\u0161nja) in UI (uporabni\u0161ki vmesnik) oblikovanje sta dve tesno povezani disciplini, ki skupaj poskrbita, da digitalni re\u0161itve niso samo lepe, ampak tudi u\u010dinkovite. UX\u00a0se osredoto\u010da na uporabni\u0161ko izku\u0161njo: kako enostavno je uporabljati izdelek ter kako u\u010dinkovito dose\u017ee svoje cilje. UI oblikovanje skrbi za vizualno plat izdelka, torej za elemente, kot so [&hellip;]<\/p>\n","protected":false},"author":1,"featured_media":0,"parent":0,"menu_order":0,"comment_status":"closed","ping_status":"closed","template":"elementor_header_footer","meta":{"inline_featured_image":false,"footnotes":""},"class_list":["post-32288","page","type-page","status-publish","hentry"],"_links":{"self":[{"href":"https:\/\/davidpraznik.com\/en\/wp-json\/wp\/v2\/pages\/32288","targetHints":{"allow":["GET"]}}],"collection":[{"href":"https:\/\/davidpraznik.com\/en\/wp-json\/wp\/v2\/pages"}],"about":[{"href":"https:\/\/davidpraznik.com\/en\/wp-json\/wp\/v2\/types\/page"}],"author":[{"embeddable":true,"href":"https:\/\/davidpraznik.com\/en\/wp-json\/wp\/v2\/users\/1"}],"replies":[{"embeddable":true,"href":"https:\/\/davidpraznik.com\/en\/wp-json\/wp\/v2\/comments?post=32288"}],"version-history":[{"count":0,"href":"https:\/\/davidpraznik.com\/en\/wp-json\/wp\/v2\/pages\/32288\/revisions"}],"wp:attachment":[{"href":"https:\/\/davidpraznik.com\/en\/wp-json\/wp\/v2\/media?parent=32288"}],"curies":[{"name":"wp","href":"https:\/\/api.w.org\/{rel}","templated":true}]}}