{"id":33575,"date":"2024-12-11T14:20:58","date_gmt":"2024-12-11T13:20:58","guid":{"rendered":"https:\/\/www.davidpraznik.com\/?page_id=33575"},"modified":"2024-12-11T14:20:58","modified_gmt":"2024-12-11T13:20:58","slug":"trade-fair-layout","status":"publish","type":"page","link":"https:\/\/davidpraznik.com\/en\/sejemska-postavitev\/","title":{"rendered":"Exhibition setup"},"content":{"rendered":"<div data-elementor-type=\"wp-page\" data-elementor-id=\"33575\" class=\"elementor elementor-33575\" data-elementor-post-type=\"page\">\n\t\t\t\t\t\t<section data-particle_enable=\"false\" data-particle-mobile-disabled=\"false\" class=\"elementor-section elementor-top-section elementor-element elementor-element-ccaba85 elementor-section-boxed elementor-section-height-default elementor-section-height-default\" data-id=\"ccaba85\" data-element_type=\"section\" data-e-type=\"section\">\n\t\t\t\t\t\t<div class=\"elementor-container elementor-column-gap-default\">\n\t\t\t\t\t<div class=\"elementor-column elementor-col-100 elementor-top-column elementor-element elementor-element-11060b2\" data-id=\"11060b2\" data-element_type=\"column\" data-e-type=\"column\">\n\t\t\t<div class=\"elementor-widget-wrap elementor-element-populated\">\n\t\t\t\t\t\t<div class=\"elementor-element elementor-element-ce156e4 elementor-widget elementor-widget-text-editor\" data-id=\"ce156e4\" data-element_type=\"widget\" data-e-type=\"widget\" data-widget_type=\"text-editor.default\">\n\t\t\t\t\t\t\t\t\t<p>From the design and creation of the exhibition stand to flags and trade show promotional materials. A trade show presentation is an excellent opportunity for promotion. With thoughtful and attractive design of exhibition stands and materials, you can effectively capture the attention of visitors, communicate your values, and create an unforgettable experience.<\/p>\t\t\t\t\t\t\t\t<\/div>\n\t\t\t\t\t<\/div>\n\t\t<\/div>\n\t\t\t\t\t<\/div>\n\t\t<\/section>\n\t\t\t\t<section data-particle_enable=\"false\" data-particle-mobile-disabled=\"false\" class=\"elementor-section elementor-top-section elementor-element elementor-element-1616b1a elementor-section-boxed elementor-section-height-default elementor-section-height-default\" data-id=\"1616b1a\" data-element_type=\"section\" data-e-type=\"section\">\n\t\t\t\t\t\t<div class=\"elementor-container elementor-column-gap-default\">\n\t\t\t\t\t<div class=\"elementor-column elementor-col-100 elementor-top-column elementor-element elementor-element-faf86e2\" data-id=\"faf86e2\" data-element_type=\"column\" data-e-type=\"column\">\n\t\t\t<div class=\"elementor-widget-wrap elementor-element-populated\">\n\t\t\t\t\t\t<div class=\"elementor-element elementor-element-40ce53a elementor-widget elementor-widget-heading\" data-id=\"40ce53a\" data-element_type=\"widget\" data-e-type=\"widget\" data-widget_type=\"heading.default\">\n\t\t\t\t\t<h2 class=\"elementor-heading-title elementor-size-default\">Why is designing an exhibition presentation important?\n<\/h2>\t\t\t\t<\/div>\n\t\t\t\t\t<\/div>\n\t\t<\/div>\n\t\t\t\t\t<\/div>\n\t\t<\/section>\n\t\t\t\t<section data-particle_enable=\"false\" data-particle-mobile-disabled=\"false\" class=\"elementor-section elementor-top-section elementor-element elementor-element-e568348 elementor-section-boxed elementor-section-height-default elementor-section-height-default\" data-id=\"e568348\" data-element_type=\"section\" data-e-type=\"section\">\n\t\t\t\t\t\t<div class=\"elementor-container elementor-column-gap-default\">\n\t\t\t\t\t<div class=\"elementor-column elementor-col-100 elementor-top-column elementor-element elementor-element-520e7c3\" data-id=\"520e7c3\" data-element_type=\"column\" data-e-type=\"column\">\n\t\t\t<div class=\"elementor-widget-wrap elementor-element-populated\">\n\t\t\t\t\t\t<div class=\"elementor-element elementor-element-de304bf elementor-widget elementor-widget-text-editor\" data-id=\"de304bf\" data-element_type=\"widget\" data-e-type=\"widget\" data-widget_type=\"text-editor.default\">\n\t\t\t\t\t\t\t\t\t<ul><li><strong>First opportunity to make an impression<\/strong><\/li><li><strong>Strengthening brand recognition<\/strong><\/li><li><strong>An experience that excites<\/strong><\/li><li><strong>Encouraging conversations and connections<\/strong><\/li><\/ul>\t\t\t\t\t\t\t\t<\/div>\n\t\t\t\t\t<\/div>\n\t\t<\/div>\n\t\t\t\t\t<\/div>\n\t\t<\/section>\n\t\t\t\t<section data-particle_enable=\"false\" data-particle-mobile-disabled=\"false\" class=\"elementor-section elementor-top-section elementor-element elementor-element-8d82dd0 elementor-section-boxed elementor-section-height-default elementor-section-height-default\" data-id=\"8d82dd0\" data-element_type=\"section\" data-e-type=\"section\">\n\t\t\t\t\t\t<div class=\"elementor-container elementor-column-gap-default\">\n\t\t\t\t\t<div class=\"elementor-column elementor-col-100 elementor-top-column elementor-element elementor-element-66d1532\" data-id=\"66d1532\" data-element_type=\"column\" data-e-type=\"column\">\n\t\t\t<div class=\"elementor-widget-wrap elementor-element-populated\">\n\t\t\t\t\t\t<div class=\"elementor-element elementor-element-8e502db elementor-widget elementor-widget-heading\" data-id=\"8e502db\" data-element_type=\"widget\" data-e-type=\"widget\" data-widget_type=\"heading.default\">\n\t\t\t\t\t<h2 class=\"elementor-heading-title elementor-size-default\">The process of designing an exhibition presentation\n<\/h2>\t\t\t\t<\/div>\n\t\t\t\t\t<\/div>\n\t\t<\/div>\n\t\t\t\t\t<\/div>\n\t\t<\/section>\n\t\t\t\t<section data-particle_enable=\"false\" data-particle-mobile-disabled=\"false\" class=\"elementor-section elementor-top-section elementor-element elementor-element-ddc7c0d elementor-section-boxed elementor-section-height-default elementor-section-height-default\" data-id=\"ddc7c0d\" data-element_type=\"section\" data-e-type=\"section\">\n\t\t\t\t\t\t<div class=\"elementor-container elementor-column-gap-default\">\n\t\t\t\t\t<div class=\"elementor-column elementor-col-100 elementor-top-column elementor-element elementor-element-58ebf75\" data-id=\"58ebf75\" data-element_type=\"column\" data-e-type=\"column\">\n\t\t\t<div class=\"elementor-widget-wrap elementor-element-populated\">\n\t\t\t\t\t\t<div class=\"elementor-element elementor-element-965efe4 elementor-widget elementor-widget-text-editor\" data-id=\"965efe4\" data-element_type=\"widget\" data-e-type=\"widget\" data-widget_type=\"text-editor.default\">\n\t\t\t\t\t\t\t\t\t<ul><li><strong>Understanding the goals and space<\/strong><\/li><li><strong>Concept and conceptual design<\/strong><\/li><li><strong>Stand design<\/strong><\/li><li><strong>Design and preparation of promotional materials<\/strong><\/li><li><strong>Testing and adjustments<\/strong><\/li><li><strong>Event support<\/strong><\/li><\/ul>\t\t\t\t\t\t\t\t<\/div>\n\t\t\t\t\t<\/div>\n\t\t<\/div>\n\t\t\t\t\t<\/div>\n\t\t<\/section>\n\t\t\t\t<section data-particle_enable=\"false\" data-particle-mobile-disabled=\"false\" class=\"elementor-section elementor-top-section elementor-element elementor-element-4b145b2 elementor-section-boxed elementor-section-height-default elementor-section-height-default\" data-id=\"4b145b2\" data-element_type=\"section\" data-e-type=\"section\">\n\t\t\t\t\t\t<div class=\"elementor-container elementor-column-gap-default\">\n\t\t\t\t\t<div class=\"elementor-column elementor-col-100 elementor-top-column elementor-element elementor-element-4595520\" data-id=\"4595520\" data-element_type=\"column\" data-e-type=\"column\">\n\t\t\t<div class=\"elementor-widget-wrap elementor-element-populated\">\n\t\t\t\t\t\t<div class=\"elementor-element elementor-element-e776875 elementor-widget elementor-widget-heading\" data-id=\"e776875\" data-element_type=\"widget\" data-e-type=\"widget\" data-widget_type=\"heading.default\">\n\t\t\t\t\t<h2 class=\"elementor-heading-title elementor-size-default\">What does a well-designed exhibition presentation bring?<\/h2>\t\t\t\t<\/div>\n\t\t\t\t\t<\/div>\n\t\t<\/div>\n\t\t\t\t\t<\/div>\n\t\t<\/section>\n\t\t\t\t<section data-particle_enable=\"false\" data-particle-mobile-disabled=\"false\" class=\"elementor-section elementor-top-section elementor-element elementor-element-59d35ac elementor-section-boxed elementor-section-height-default elementor-section-height-default\" data-id=\"59d35ac\" data-element_type=\"section\" data-e-type=\"section\">\n\t\t\t\t\t\t<div class=\"elementor-container elementor-column-gap-default\">\n\t\t\t\t\t<div class=\"elementor-column elementor-col-100 elementor-top-column elementor-element elementor-element-676c28b\" data-id=\"676c28b\" data-element_type=\"column\" data-e-type=\"column\">\n\t\t\t<div class=\"elementor-widget-wrap elementor-element-populated\">\n\t\t\t\t\t\t<div class=\"elementor-element elementor-element-1ab1d15 elementor-widget elementor-widget-text-editor\" data-id=\"1ab1d15\" data-element_type=\"widget\" data-e-type=\"widget\" data-widget_type=\"text-editor.default\">\n\t\t\t\t\t\t\t\t\t<ul><li class=\"translation-block\"><strong>Visibility and recognition:<\/strong> Your stand stands out and grabs attention in the crowd.<\/li><li class=\"translation-block\"><strong>Professionalism:<\/strong> Build trust with visitors and business partners.<\/li><li class=\"translation-block\"><strong>Efficiency:<\/strong> Clear layout and visual communication help visitors quickly understand your offering.<\/li><li class=\"translation-block\"><strong>Long-lasting and positive impression:<\/strong> A creative presentation stays in visitors' minds and increases opportunities for future business prospects.<\/li><\/ul>\t\t\t\t\t\t\t\t<\/div>\n\t\t\t\t\t<\/div>\n\t\t<\/div>\n\t\t\t\t\t<\/div>\n\t\t<\/section>\n\t\t\t\t<section data-particle_enable=\"false\" data-particle-mobile-disabled=\"false\" class=\"elementor-section elementor-top-section elementor-element elementor-element-0a736ec elementor-section-boxed elementor-section-height-default elementor-section-height-default\" data-id=\"0a736ec\" data-element_type=\"section\" data-e-type=\"section\">\n\t\t\t\t\t\t<div class=\"elementor-container elementor-column-gap-default\">\n\t\t\t\t\t<div class=\"elementor-column elementor-col-100 elementor-top-column elementor-element elementor-element-6d32cf5\" data-id=\"6d32cf5\" data-element_type=\"column\" data-e-type=\"column\">\n\t\t\t<div class=\"elementor-widget-wrap elementor-element-populated\">\n\t\t\t\t\t\t<div class=\"elementor-element elementor-element-a9d779c elementor-widget elementor-widget-text-editor\" data-id=\"a9d779c\" data-element_type=\"widget\" data-e-type=\"widget\" data-widget_type=\"text-editor.default\">\n\t\t\t\t\t\t\t\t\t<p class=\"p1\">Whether it\u2019s a local trade show or an international event, designing an exhibition presentation is crucial for successfully promoting your brand and creating lasting connections.<\/p>\t\t\t\t\t\t\t\t<\/div>\n\t\t\t\t\t<\/div>\n\t\t<\/div>\n\t\t\t\t\t<\/div>\n\t\t<\/section>\n\t\t\t\t<\/div>","protected":false},"excerpt":{"rendered":"<p>Od zasnove in oblikovanja sejemske stojnice, do zastave in sejemskega propagandnega materiala. Sejemska predstavitev je odli\u010dna prilo\u017enost za promocijo. S premi\u0161ljenim in privla\u010dnim oblikovanjem sejemskih stojnic in gradiv lahko u\u010dinkovito pritegnete pozornost obiskovalcev, komunicirate svoje vrednote in ustvarite nepozabno izku\u0161njo. Zakaj je oblikovanje sejemske predstavitve pomembno? Prva prilo\u017enost za vtis Krepitev prepoznavnosti blagovne znamke Izku\u0161nja, [&hellip;]<\/p>\n","protected":false},"author":1,"featured_media":0,"parent":0,"menu_order":0,"comment_status":"closed","ping_status":"closed","template":"","meta":{"inline_featured_image":false,"footnotes":""},"class_list":["post-33575","page","type-page","status-publish","hentry"],"_links":{"self":[{"href":"https:\/\/davidpraznik.com\/en\/wp-json\/wp\/v2\/pages\/33575","targetHints":{"allow":["GET"]}}],"collection":[{"href":"https:\/\/davidpraznik.com\/en\/wp-json\/wp\/v2\/pages"}],"about":[{"href":"https:\/\/davidpraznik.com\/en\/wp-json\/wp\/v2\/types\/page"}],"author":[{"embeddable":true,"href":"https:\/\/davidpraznik.com\/en\/wp-json\/wp\/v2\/users\/1"}],"replies":[{"embeddable":true,"href":"https:\/\/davidpraznik.com\/en\/wp-json\/wp\/v2\/comments?post=33575"}],"version-history":[{"count":0,"href":"https:\/\/davidpraznik.com\/en\/wp-json\/wp\/v2\/pages\/33575\/revisions"}],"wp:attachment":[{"href":"https:\/\/davidpraznik.com\/en\/wp-json\/wp\/v2\/media?parent=33575"}],"curies":[{"name":"wp","href":"https:\/\/api.w.org\/{rel}","templated":true}]}}